{"id":1818,"date":"2023-08-06T16:35:32","date_gmt":"2023-08-06T19:35:32","guid":{"rendered":"https:\/\/turismopolosur.cl\/?post_type=product&#038;p=1818"},"modified":"2026-01-07T15:46:04","modified_gmt":"2026-01-07T18:46:04","slug":"glaciar-balmaceda-y-serrano","status":"publish","type":"product","link":"https:\/\/turismopolosur.cl\/en\/product\/glaciar-balmaceda-y-serrano\/","title":{"rendered":"BALMACEDA AND SERRANO GLACIER"},"content":{"rendered":"","protected":false},"excerpt":{"rendered":"[vc_row][vc_column][vc_tta_tabs style=\"outline\" color=\"white\" spacing=\"2\" active_section=\"1\"][vc_tta_section title=\"DETALLES DE TOUR\" tab_id=\"1690677566591-7dd4bed7-7621\"][vc_column_text]<span style=\"color: #ffffff;\">Our destination is the Balmaceda and Serrano Glaciers, located 31 nautical miles away from Puerto Natales, which can only be accessed by sea.<\/span><br \/>\n<span style=\"color: #ffffff;\">La navegaci\u00f3n comienza con el zarpe desde el muelle de Pescadores y luego de navegar una hora cuarenta y cinco minutos, recalamos en Puerto Toro, lugar donde desembarcaremos por espacio de 60 minutos, para realizar un tracking que nos acercara al majestuoso Glaciar Serrano, en el trayecto por este sendero podemos disfrutar de la flora nativa entre calafates, coihues, lengas y ciruelillos.<\/span><br \/>\n<span style=\"color: #ffffff;\">De regreso a la embarcaci\u00f3n nos dirigiremos frente a la bah\u00eda de Puerto Toro, para contemplar la majestuosa vista del glaciar Serrano, all\u00ed nos detendremos por unos instantes para que los pasajeros puedan tomar fotograf\u00edas y realizar un brindis con whisky y hielo milenario.<\/span><\/p>\n<p class=\" translation-block\"><span style=\"color: #ffffff\">Subsequently, we will visit the Balmaceda Glacier, which can only be observed from the boat.<\/span><br><\/p>\n<p><span style=\"color: #ffffff;\">NUESTROS VIAJES ESTAN SUJETO A CONDICIONES CLIMATICAS, ante condiciones clim\u00e1ticas adversas y velando por la seguridad de los pasajeros, el viaje puede ser suspendido.<\/span><br \/>\n<span style=\"color: #ffffff;\">Si por condiciones clim\u00e1ticas la embarcaci\u00f3n debe devolverse, se devolver\u00e1 el porcentaje del trayecto no realizado.<\/span>[\/vc_column_text][\/vc_tta_section][vc_tta_section title=\"ITINERARIO\" tab_id=\"1690677566579-f68b347e-ec59\"][vc_column_text]<span style=\"color: #ffffff;\">07:15 Check in Muelle Pescadores Puerto Natales<\/span><br \/>\n<span style=\"color: #ffffff;\">07:30 Zarpe hacia Glaciar Balmaceda y Serrano<\/span><br \/>\n<span style=\"color: #ffffff;\">09:30 Recada Puerto Toro<\/span><br \/>\n<span style=\"color: #ffffff;\">09:45 Inicio Trekking hacia Glaciar Serrano<\/span><br \/>\n<span style=\"color: #ffffff;\">10:45 Retorno a la embarcaci\u00f3n.<\/span><br \/>\n<span style=\"color: #ffffff;\">11:00 Brindis con hielo del Glaciar<\/span><br \/>\n<span style=\"color: #ffffff;\">11:15 Visita Glaciar Balmaceda<\/span><br \/>\n<span style=\"color: #ffffff;\">11:30 Regreso hacia Puerto Natales<\/span><br \/>\n<span style=\"color: #ffffff;\">13:00 Recalada Muelle pescadores Puerto Natales<\/span>[\/vc_column_text][\/vc_tta_section][vc_tta_section title=\"RECOMENDACIONES\" tab_id=\"1691526972947-287c0d49-3dee\"][vc_column_text]<span style=\"color: #ffffff;\">INCLUDES:<\/span><\/p>\n<p class=\" translation-block\"><span style=\"color: #ffffff\">Bilingual guide<\/span><br>\n<span style=\"color: #ffffff\">Snack<\/span><br>\n<span style=\"color: #ffffff\">Coffee or juice<\/span><br>\n<span style=\"color: #ffffff\">Toast with whisky<\/span><br>\n<span style=\"color: #ffffff\">Entrance to Bernardo O'Higgins National Park<\/span><\/p>\n<p><span style=\"color: #ffffff;\">RECOMMENDED ITEMS TO BRING<\/span><\/p>\n<p><span style=\"color: #ffffff;\">Warm clothing, comfortable footwear, sunglasses, hat, sunscreen.<\/span>[\/vc_column_text][\/vc_tta_section][\/vc_tta_tabs][\/vc_column][\/vc_row]\n<p>&nbsp;<\/p>\n<p>La disponibilidad se debe comprobar v\u00eda Whatsapp:<\/p>\n<p>Availability must be checked via WhatsApp:<\/p>\n<p><a class=\"whatsapp-button\" href=\"https:\/\/wa.me\/56989006880?text=Hola%20quiero%20saber%20la%20disponibilidad%20del%20veh\u00edculo%20Hyundai%20Grand%20Starex\" target=\"_blank\" rel=\"noopener\"><br \/>\n<img decoding=\"async\" src=\"https:\/\/upload.wikimedia.org\/wikipedia\/commons\/6\/6b\/WhatsApp.svg\" alt=\"WhatsApp\" \/><br \/>\nContactar por WhatsApp<\/a><\/p>","protected":false},"featured_media":1822,"template":"","meta":{"_joinchat":[]},"product_cat":[36],"product_tag":[],"class_list":{"0":"post-1818","1":"product","2":"type-product","3":"status-publish","4":"has-post-thumbnail","6":"product_cat-turismo","8":"first","9":"instock","10":"sold-individually","11":"shipping-taxable","12":"purchasable","13":"product-type-booking"},"_links":{"self":[{"href":"https:\/\/turismopolosur.cl\/en\/wp-json\/wp\/v2\/product\/1818","targetHints":{"allow":["GET"]}}],"collection":[{"href":"https:\/\/turismopolosur.cl\/en\/wp-json\/wp\/v2\/product"}],"about":[{"href":"https:\/\/turismopolosur.cl\/en\/wp-json\/wp\/v2\/types\/product"}],"wp:featuredmedia":[{"embeddable":true,"href":"https:\/\/turismopolosur.cl\/en\/wp-json\/wp\/v2\/media\/1822"}],"wp:attachment":[{"href":"https:\/\/turismopolosur.cl\/en\/wp-json\/wp\/v2\/media?parent=1818"}],"wp:term":[{"taxonomy":"product_cat","embeddable":true,"href":"https:\/\/turismopolosur.cl\/en\/wp-json\/wp\/v2\/product_cat?post=1818"},{"taxonomy":"product_tag","embeddable":true,"href":"https:\/\/turismopolosur.cl\/en\/wp-json\/wp\/v2\/product_tag?post=1818"}],"curies":[{"name":"wp","href":"https:\/\/api.w.org\/{rel}","templated":true}]}}